{"id":1102,"date":"2018-12-03T15:37:25","date_gmt":"2018-12-03T15:37:25","guid":{"rendered":"https:\/\/demo.gloriathemes.com\/eventchamp\/demo\/?page_id=1102"},"modified":"2018-12-03T15:37:25","modified_gmt":"2018-12-03T15:37:25","slug":"speaker-listing-4","status":"publish","type":"page","link":"https:\/\/congreso.feup.org\/index.php\/speaker-listing-4\/","title":{"rendered":"Speaker Listing 4"},"content":{"rendered":"<div class=\"wpb-content-wrapper\"><p>[vc_row][vc_column]<div class=\"gt-speakers-listing gt-style-1\"><div class=\"gt-columns gt-column-3 gt-column-space-30\"><div class=\"gt-col\"><div class=\"gt-inner\"><div class=\"gt-speaker gt-style-4\"><div class=\"gt-image\"><a href=\"https:\/\/congreso.feup.org\/index.php\/speaker\/laura-gomez-ruiz\/\"><img loading=\"lazy\" decoding=\"async\" width=\"350\" height=\"350\" src=\"https:\/\/congreso.feup.org\/wp-content\/uploads\/2025\/09\/RDBX7Xxw_400x400-350x350.jpg\" class=\"attachment-eventchamp-thumbnail size-eventchamp-thumbnail\" alt=\"\" srcset=\"https:\/\/congreso.feup.org\/wp-content\/uploads\/2025\/09\/RDBX7Xxw_400x400-350x350.jpg 350w, https:\/\/congreso.feup.org\/wp-content\/uploads\/2025\/09\/RDBX7Xxw_400x400-300x300.jpg 300w, https:\/\/congreso.feup.org\/wp-content\/uploads\/2025\/09\/RDBX7Xxw_400x400-150x150.jpg 150w, https:\/\/congreso.feup.org\/wp-content\/uploads\/2025\/09\/RDBX7Xxw_400x400-85x85.jpg 85w, https:\/\/congreso.feup.org\/wp-content\/uploads\/2025\/09\/RDBX7Xxw_400x400-100x100.jpg 100w, https:\/\/congreso.feup.org\/wp-content\/uploads\/2025\/09\/RDBX7Xxw_400x400.jpg 400w\" sizes=\"auto, (max-width: 350px) 100vw, 350px\" \/><\/a><\/div><div class=\"gt-content\"><a href=\"https:\/\/congreso.feup.org\/index.php\/speaker\/laura-gomez-ruiz\/\"><\/a><div class=\"gt-name\"><a href=\"https:\/\/congreso.feup.org\/index.php\/speaker\/laura-gomez-ruiz\/\">Laura G\u00f3mez Ruiz<\/a><\/div><div class=\"gt-profession\">Vicerrectora de Cultura y Pol\u00edticas Sociales de la Universidad Pablo de Olavide.<\/div><\/div><\/div><\/div><\/div><div class=\"gt-col\"><div class=\"gt-inner\"><div class=\"gt-speaker gt-style-4\"><div class=\"gt-image\"><a href=\"https:\/\/congreso.feup.org\/index.php\/speaker\/d-francisco-oliva-blazquez\/\"><img loading=\"lazy\" decoding=\"async\" width=\"350\" height=\"350\" src=\"https:\/\/congreso.feup.org\/wp-content\/uploads\/2025\/08\/images-350x350.jpeg\" class=\"attachment-eventchamp-thumbnail size-eventchamp-thumbnail\" alt=\"\" srcset=\"https:\/\/congreso.feup.org\/wp-content\/uploads\/2025\/08\/images-350x350.jpeg 350w, https:\/\/congreso.feup.org\/wp-content\/uploads\/2025\/08\/images-150x150.jpeg 150w, https:\/\/congreso.feup.org\/wp-content\/uploads\/2025\/08\/images-85x85.jpeg 85w, https:\/\/congreso.feup.org\/wp-content\/uploads\/2025\/08\/images-300x300.jpeg 300w, https:\/\/congreso.feup.org\/wp-content\/uploads\/2025\/08\/images-100x100.jpeg 100w\" sizes=\"auto, (max-width: 350px) 100vw, 350px\" \/><\/a><\/div><div class=\"gt-content\"><a href=\"https:\/\/congreso.feup.org\/index.php\/speaker\/d-francisco-oliva-blazquez\/\"><\/a><div class=\"gt-name\"><a href=\"https:\/\/congreso.feup.org\/index.php\/speaker\/d-francisco-oliva-blazquez\/\">Francisco Oliva Bl\u00e1zquez<\/a><\/div><div class=\"gt-profession\">Rector Magn\u00edfico de la Universidad Pablo de Olavide de Sevilla <\/div><\/div><\/div><\/div><\/div><div class=\"gt-col\"><div class=\"gt-inner\"><div class=\"gt-speaker gt-style-4\"><div class=\"gt-image\"><a href=\"https:\/\/congreso.feup.org\/index.php\/speaker\/ma-carmen-munoz-diaz\/\"><img loading=\"lazy\" decoding=\"async\" width=\"350\" height=\"350\" src=\"https:\/\/congreso.feup.org\/wp-content\/uploads\/2025\/06\/Maricarmen-Munoz-350x350.jpeg\" class=\"attachment-eventchamp-thumbnail size-eventchamp-thumbnail\" alt=\"\" 0=\"\" srcset=\"https:\/\/congreso.feup.org\/wp-content\/uploads\/2025\/06\/Maricarmen-Munoz-350x350.jpeg 350w, https:\/\/congreso.feup.org\/wp-content\/uploads\/2025\/06\/Maricarmen-Munoz-150x150.jpeg 150w, https:\/\/congreso.feup.org\/wp-content\/uploads\/2025\/06\/Maricarmen-Munoz-650x650.jpeg 650w, https:\/\/congreso.feup.org\/wp-content\/uploads\/2025\/06\/Maricarmen-Munoz-85x85.jpeg 85w, https:\/\/congreso.feup.org\/wp-content\/uploads\/2025\/06\/Maricarmen-Munoz-300x300.jpeg 300w, https:\/\/congreso.feup.org\/wp-content\/uploads\/2025\/06\/Maricarmen-Munoz-100x100.jpeg 100w\" sizes=\"auto, (max-width: 350px) 100vw, 350px\" \/><\/a><\/div><div class=\"gt-content\"><a href=\"https:\/\/congreso.feup.org\/index.php\/speaker\/ma-carmen-munoz-diaz\/\"><\/a><div class=\"gt-name\"><a href=\"https:\/\/congreso.feup.org\/index.php\/speaker\/ma-carmen-munoz-diaz\/\">M\u00aa Carmen Mu\u00f1oz D\u00edaz<\/a><\/div><div class=\"gt-profession\">Directora Universidad Popular de Dos Hermanas, Sevilla<\/div><\/div><\/div><\/div><\/div><div class=\"gt-col\"><div class=\"gt-inner\"><div class=\"gt-speaker gt-style-4\"><div class=\"gt-image\"><a href=\"https:\/\/congreso.feup.org\/index.php\/speaker\/montserrat-morales-corraliza\/\"><img loading=\"lazy\" decoding=\"async\" width=\"350\" height=\"350\" src=\"https:\/\/congreso.feup.org\/wp-content\/uploads\/2025\/05\/FOTO-MONTSE-PARA-WEB-EFE-FEUP-e1579518260581-1-350x350.jpeg\" class=\"attachment-eventchamp-thumbnail size-eventchamp-thumbnail\" alt=\"\" 0=\"\" srcset=\"https:\/\/congreso.feup.org\/wp-content\/uploads\/2025\/05\/FOTO-MONTSE-PARA-WEB-EFE-FEUP-e1579518260581-1-350x350.jpeg 350w, https:\/\/congreso.feup.org\/wp-content\/uploads\/2025\/05\/FOTO-MONTSE-PARA-WEB-EFE-FEUP-e1579518260581-1-300x300.jpeg 300w, https:\/\/congreso.feup.org\/wp-content\/uploads\/2025\/05\/FOTO-MONTSE-PARA-WEB-EFE-FEUP-e1579518260581-1-150x150.jpeg 150w, https:\/\/congreso.feup.org\/wp-content\/uploads\/2025\/05\/FOTO-MONTSE-PARA-WEB-EFE-FEUP-e1579518260581-1-85x85.jpeg 85w, https:\/\/congreso.feup.org\/wp-content\/uploads\/2025\/05\/FOTO-MONTSE-PARA-WEB-EFE-FEUP-e1579518260581-1-100x100.jpeg 100w, https:\/\/congreso.feup.org\/wp-content\/uploads\/2025\/05\/FOTO-MONTSE-PARA-WEB-EFE-FEUP-e1579518260581-1.jpeg 360w\" sizes=\"auto, (max-width: 350px) 100vw, 350px\" \/><\/a><\/div><div class=\"gt-content\"><a href=\"https:\/\/congreso.feup.org\/index.php\/speaker\/montserrat-morales-corraliza\/\"><\/a><div class=\"gt-name\"><a href=\"https:\/\/congreso.feup.org\/index.php\/speaker\/montserrat-morales-corraliza\/\">Montserrat Morales Corraliza<\/a><\/div><div class=\"gt-profession\">Coordinadora General de la FEUP<\/div><div class=\"gt-text\">Doctorada en Pedagog\u00eda por la Universidad Complutense de Madrid. Me considero ideol\u00f3gicamente, mujer feminista, humanista y progresista. Creo firmemente en la libertad y en consecuencia en la plena igualdad. Coordinando la FEUP desde hace tres d\u00e9cadas. Aprend\u00ed de las UUPP a amar la oportunidad del aprendizaje para todas las personas como un derecho indiscutible; y representan para m\u00ed esos espacios vivos de libertad y aprendizaje, de una verdadera convivencia democr\u00e1tica en la base de la igualdad. Quisiera pasar por este mundo, contribuyendo a que las mujeres rompamos el paradigma machista y ocupemos los lugares que nos pertenecen por derecho y por nuestra propia dignidad. \u201cLa Libertad se aprende ejerci\u00e9ndola\u201d: Clara Campoamor.<\/div><\/div><\/div><\/div><\/div><div class=\"gt-col\"><div class=\"gt-inner\"><div class=\"gt-speaker gt-style-4\"><div class=\"gt-image\"><a href=\"https:\/\/congreso.feup.org\/index.php\/speaker\/monica-calurano-vellarino\/\"><img loading=\"lazy\" decoding=\"async\" width=\"350\" height=\"350\" src=\"https:\/\/congreso.feup.org\/wp-content\/uploads\/2025\/05\/14-MONICA-CALURANO-VELLARINO-scaled-1-350x350.jpeg\" class=\"attachment-eventchamp-thumbnail size-eventchamp-thumbnail\" alt=\"\" 0=\"\" srcset=\"https:\/\/congreso.feup.org\/wp-content\/uploads\/2025\/05\/14-MONICA-CALURANO-VELLARINO-scaled-1-350x350.jpeg 350w, https:\/\/congreso.feup.org\/wp-content\/uploads\/2025\/05\/14-MONICA-CALURANO-VELLARINO-scaled-1-300x300.jpeg 300w, https:\/\/congreso.feup.org\/wp-content\/uploads\/2025\/05\/14-MONICA-CALURANO-VELLARINO-scaled-1-1024x1024.jpeg 1024w, https:\/\/congreso.feup.org\/wp-content\/uploads\/2025\/05\/14-MONICA-CALURANO-VELLARINO-scaled-1-150x150.jpeg 150w, https:\/\/congreso.feup.org\/wp-content\/uploads\/2025\/05\/14-MONICA-CALURANO-VELLARINO-scaled-1-768x768.jpeg 768w, https:\/\/congreso.feup.org\/wp-content\/uploads\/2025\/05\/14-MONICA-CALURANO-VELLARINO-scaled-1-1536x1536.jpeg 1536w, https:\/\/congreso.feup.org\/wp-content\/uploads\/2025\/05\/14-MONICA-CALURANO-VELLARINO-scaled-1-2048x2048.jpeg 2048w, https:\/\/congreso.feup.org\/wp-content\/uploads\/2025\/05\/14-MONICA-CALURANO-VELLARINO-scaled-1-650x650.jpeg 650w, https:\/\/congreso.feup.org\/wp-content\/uploads\/2025\/05\/14-MONICA-CALURANO-VELLARINO-scaled-1-1200x1200.jpeg 1200w, https:\/\/congreso.feup.org\/wp-content\/uploads\/2025\/05\/14-MONICA-CALURANO-VELLARINO-scaled-1-85x85.jpeg 85w, https:\/\/congreso.feup.org\/wp-content\/uploads\/2025\/05\/14-MONICA-CALURANO-VELLARINO-scaled-1-600x600.jpeg 600w, https:\/\/congreso.feup.org\/wp-content\/uploads\/2025\/05\/14-MONICA-CALURANO-VELLARINO-scaled-1-100x100.jpeg 100w\" sizes=\"auto, (max-width: 350px) 100vw, 350px\" \/><\/a><\/div><div class=\"gt-content\"><a href=\"https:\/\/congreso.feup.org\/index.php\/speaker\/monica-calurano-vellarino\/\"><\/a><div class=\"gt-name\"><a href=\"https:\/\/congreso.feup.org\/index.php\/speaker\/monica-calurano-vellarino\/\">M\u00f3nica Calurano Vellarino<\/a><\/div><div class=\"gt-profession\">Presidenta de la Federaci\u00f3n Espa\u00f1ola de Universidades Populares FEUP<\/div><\/div><\/div><\/div><\/div><div class=\"gt-col\"><div class=\"gt-inner\"><div class=\"gt-speaker gt-style-4\"><div class=\"gt-image\"><a href=\"https:\/\/congreso.feup.org\/index.php\/speaker\/lola-carbonell-zaragoza\/\"><img loading=\"lazy\" decoding=\"async\" width=\"350\" height=\"350\" src=\"https:\/\/congreso.feup.org\/wp-content\/uploads\/2025\/05\/fg2025_entrevista_lola_carbonell-350x350.jpg\" class=\"attachment-eventchamp-thumbnail size-eventchamp-thumbnail\" alt=\"\" 0=\"\" srcset=\"https:\/\/congreso.feup.org\/wp-content\/uploads\/2025\/05\/fg2025_entrevista_lola_carbonell-350x350.jpg 350w, https:\/\/congreso.feup.org\/wp-content\/uploads\/2025\/05\/fg2025_entrevista_lola_carbonell-150x150.jpg 150w, https:\/\/congreso.feup.org\/wp-content\/uploads\/2025\/05\/fg2025_entrevista_lola_carbonell-85x85.jpg 85w, https:\/\/congreso.feup.org\/wp-content\/uploads\/2025\/05\/fg2025_entrevista_lola_carbonell-300x300.jpg 300w, https:\/\/congreso.feup.org\/wp-content\/uploads\/2025\/05\/fg2025_entrevista_lola_carbonell-100x100.jpg 100w\" sizes=\"auto, (max-width: 350px) 100vw, 350px\" \/><\/a><\/div><div class=\"gt-content\"><a href=\"https:\/\/congreso.feup.org\/index.php\/speaker\/lola-carbonell-zaragoza\/\"><\/a><div class=\"gt-name\"><a href=\"https:\/\/congreso.feup.org\/index.php\/speaker\/lola-carbonell-zaragoza\/\">Lola Carbonell Zaragoza<\/a><\/div><div class=\"gt-profession\">Presidenta de la Red Soledades y Directora Ejecutiva de la Fundaci\u00f3n Alicia y Guillermo<\/div><\/div><\/div><\/div><\/div><div class=\"gt-col\"><div class=\"gt-inner\"><div class=\"gt-speaker gt-style-4\"><div class=\"gt-image\"><a href=\"https:\/\/congreso.feup.org\/index.php\/speaker\/matilde-fernandez-sanz\/\"><img loading=\"lazy\" decoding=\"async\" width=\"350\" height=\"350\" src=\"https:\/\/congreso.feup.org\/wp-content\/uploads\/2025\/05\/716188702_228508217_1706x960.jpg-350x350.webp\" class=\"attachment-eventchamp-thumbnail size-eventchamp-thumbnail\" alt=\"\" 0=\"\" srcset=\"https:\/\/congreso.feup.org\/wp-content\/uploads\/2025\/05\/716188702_228508217_1706x960.jpg-350x350.webp 350w, https:\/\/congreso.feup.org\/wp-content\/uploads\/2025\/05\/716188702_228508217_1706x960.jpg-150x150.webp 150w, https:\/\/congreso.feup.org\/wp-content\/uploads\/2025\/05\/716188702_228508217_1706x960.jpg-650x650.webp 650w, https:\/\/congreso.feup.org\/wp-content\/uploads\/2025\/05\/716188702_228508217_1706x960.jpg-85x85.webp 85w, https:\/\/congreso.feup.org\/wp-content\/uploads\/2025\/05\/716188702_228508217_1706x960.jpg-300x300.webp 300w, https:\/\/congreso.feup.org\/wp-content\/uploads\/2025\/05\/716188702_228508217_1706x960.jpg-100x100.webp 100w\" sizes=\"auto, (max-width: 350px) 100vw, 350px\" \/><\/a><\/div><div class=\"gt-content\"><a href=\"https:\/\/congreso.feup.org\/index.php\/speaker\/matilde-fernandez-sanz\/\"><\/a><div class=\"gt-name\"><a href=\"https:\/\/congreso.feup.org\/index.php\/speaker\/matilde-fernandez-sanz\/\">Matilde Fern\u00e1ndez Sanz<\/a><\/div><div class=\"gt-profession\">Desde 2017 preside el Comit\u00e9 espa\u00f1ol de ACNUR<\/div><\/div><\/div><\/div><\/div><div class=\"gt-col\"><div class=\"gt-inner\"><div class=\"gt-speaker gt-style-4\"><div class=\"gt-image\"><a href=\"https:\/\/congreso.feup.org\/index.php\/speaker\/sacramento-pinazo-hernandis\/\"><img loading=\"lazy\" decoding=\"async\" width=\"350\" height=\"350\" src=\"https:\/\/congreso.feup.org\/wp-content\/uploads\/2025\/05\/Sacramento-Pinazo-Hernandis-350x350.jpg\" class=\"attachment-eventchamp-thumbnail size-eventchamp-thumbnail\" alt=\"\" 0=\"\" srcset=\"https:\/\/congreso.feup.org\/wp-content\/uploads\/2025\/05\/Sacramento-Pinazo-Hernandis-350x350.jpg 350w, https:\/\/congreso.feup.org\/wp-content\/uploads\/2025\/05\/Sacramento-Pinazo-Hernandis-300x300.jpg 300w, https:\/\/congreso.feup.org\/wp-content\/uploads\/2025\/05\/Sacramento-Pinazo-Hernandis-150x150.jpg 150w, https:\/\/congreso.feup.org\/wp-content\/uploads\/2025\/05\/Sacramento-Pinazo-Hernandis-85x85.jpg 85w, https:\/\/congreso.feup.org\/wp-content\/uploads\/2025\/05\/Sacramento-Pinazo-Hernandis-100x100.jpg 100w, https:\/\/congreso.feup.org\/wp-content\/uploads\/2025\/05\/Sacramento-Pinazo-Hernandis.jpg 512w\" sizes=\"auto, (max-width: 350px) 100vw, 350px\" \/><\/a><\/div><div class=\"gt-content\"><a href=\"https:\/\/congreso.feup.org\/index.php\/speaker\/sacramento-pinazo-hernandis\/\"><\/a><div class=\"gt-name\"><a href=\"https:\/\/congreso.feup.org\/index.php\/speaker\/sacramento-pinazo-hernandis\/\">Sacramento Pinazo\u00a0Hernandis<\/a><\/div><div class=\"gt-profession\">Presidenta de la Sociedad Valenciana de Geriatr\u00eda y Gerontolog\u00eda<\/div><div class=\"gt-text\">Dirige el Grupo de Investigaci\u00f3n BestAging. Preside la Comisi\u00f3n de Soledad no deseada de la Plataforma de Mayores y Pensionistas. Pensionistas.<\/div><\/div><\/div><\/div><\/div><div class=\"gt-col\"><div class=\"gt-inner\"><div class=\"gt-speaker gt-style-4\"><div class=\"gt-image\"><a href=\"https:\/\/congreso.feup.org\/index.php\/speaker\/jose-guillermo-fouce-fernandez\/\"><img loading=\"lazy\" decoding=\"async\" width=\"206\" height=\"206\" src=\"https:\/\/congreso.feup.org\/wp-content\/uploads\/2025\/05\/images.jpeg\" class=\"attachment-eventchamp-thumbnail size-eventchamp-thumbnail\" alt=\"\" 0=\"\" srcset=\"https:\/\/congreso.feup.org\/wp-content\/uploads\/2025\/05\/images.jpeg 206w, https:\/\/congreso.feup.org\/wp-content\/uploads\/2025\/05\/images-150x150.jpeg 150w, https:\/\/congreso.feup.org\/wp-content\/uploads\/2025\/05\/images-85x85.jpeg 85w, https:\/\/congreso.feup.org\/wp-content\/uploads\/2025\/05\/images-100x100.jpeg 100w\" sizes=\"auto, (max-width: 206px) 100vw, 206px\" \/><\/a><\/div><div class=\"gt-content\"><a href=\"https:\/\/congreso.feup.org\/index.php\/speaker\/jose-guillermo-fouce-fernandez\/\"><\/a><div class=\"gt-name\"><a href=\"https:\/\/congreso.feup.org\/index.php\/speaker\/jose-guillermo-fouce-fernandez\/\">Guillermo Fouce Fern\u00e1ndez<\/a><\/div><div class=\"gt-profession\">Profesor de Psicolog\u00eda Social en la Universidad Complutense de Madrid<\/div><\/div><\/div><\/div><\/div><div class=\"gt-col\"><div class=\"gt-inner\"><div class=\"gt-speaker gt-style-4\"><div class=\"gt-image\"><a href=\"https:\/\/congreso.feup.org\/index.php\/speaker\/francisco-rodriguez-garcia\/\"><img loading=\"lazy\" decoding=\"async\" width=\"350\" height=\"350\" src=\"https:\/\/congreso.feup.org\/wp-content\/uploads\/2025\/05\/0501-1-350x350.jpg\" class=\"attachment-eventchamp-thumbnail size-eventchamp-thumbnail\" alt=\"\" 0=\"\" srcset=\"https:\/\/congreso.feup.org\/wp-content\/uploads\/2025\/05\/0501-1-350x350.jpg 350w, https:\/\/congreso.feup.org\/wp-content\/uploads\/2025\/05\/0501-1-150x150.jpg 150w, https:\/\/congreso.feup.org\/wp-content\/uploads\/2025\/05\/0501-1-650x650.jpg 650w, https:\/\/congreso.feup.org\/wp-content\/uploads\/2025\/05\/0501-1-85x85.jpg 85w, https:\/\/congreso.feup.org\/wp-content\/uploads\/2025\/05\/0501-1-300x300.jpg 300w, https:\/\/congreso.feup.org\/wp-content\/uploads\/2025\/05\/0501-1-100x100.jpg 100w\" sizes=\"auto, (max-width: 350px) 100vw, 350px\" \/><\/a><\/div><div class=\"gt-content\"><a href=\"https:\/\/congreso.feup.org\/index.php\/speaker\/francisco-rodriguez-garcia\/\"><\/a><div class=\"gt-name\"><a href=\"https:\/\/congreso.feup.org\/index.php\/speaker\/francisco-rodriguez-garcia\/\">Francisco Rodr\u00edguez Garc\u00eda<\/a><\/div><div class=\"gt-profession\">Alcalde del Ayuntamiento de Dos Hermanas, Sevilla<\/div><div class=\"gt-text\">Francisco Rodr\u00edguez Garc\u00eda, nacido en Dos Hermanas en 1970. Funcionario del Ayuntamiento de Dos Hermanas desde el a\u00f1o 2000.  Casado, padre de dos hijos. Desde junio de 2003 forma parte de la Corporaci\u00f3n Municipal del Ayuntamiento de Dos Hermanas.  En 1985 ingresa en las Juventudes Socialistas donde asume diferentes cargos de direcci\u00f3n en la Comisi\u00f3n Ejecutiva Local, Provincial y Regional respectivamente.  En 1988 ingresa en el PSOE donde hasta la fecha ha asumido diferentes tareas org\u00e1nicas en la Comisi\u00f3n Ejecutiva Local, desempe\u00f1ando actualmente el cargo de Secretario General del PSOE de Dos Hermanas.  Diputado provincial de la Diputaci\u00f3n de Sevilla desde las pasadas elecciones locales de Mayo de 2019.  Secretario Coordinador del \u00c1rea de Pol\u00edtica Territorial del PSOE andaluz en la nueva Ejecutiva de Juan Espadas desde Noviembre de 2021.<\/div><\/div><\/div><\/div><\/div><div class=\"gt-col\"><div class=\"gt-inner\"><div class=\"gt-speaker gt-style-4\"><div class=\"gt-image\"><a href=\"https:\/\/congreso.feup.org\/index.php\/speaker\/rafael-rey-sierra\/\"><img loading=\"lazy\" decoding=\"async\" width=\"350\" height=\"350\" src=\"https:\/\/congreso.feup.org\/wp-content\/uploads\/2025\/05\/rafael-rey-sierra-rey-melchor-e1735027573273-350x350.jpeg\" class=\"attachment-eventchamp-thumbnail size-eventchamp-thumbnail\" alt=\"\" 0=\"\" srcset=\"https:\/\/congreso.feup.org\/wp-content\/uploads\/2025\/05\/rafael-rey-sierra-rey-melchor-e1735027573273-350x350.jpeg 350w, https:\/\/congreso.feup.org\/wp-content\/uploads\/2025\/05\/rafael-rey-sierra-rey-melchor-e1735027573273-150x150.jpeg 150w, https:\/\/congreso.feup.org\/wp-content\/uploads\/2025\/05\/rafael-rey-sierra-rey-melchor-e1735027573273-85x85.jpeg 85w, https:\/\/congreso.feup.org\/wp-content\/uploads\/2025\/05\/rafael-rey-sierra-rey-melchor-e1735027573273-300x300.jpeg 300w, https:\/\/congreso.feup.org\/wp-content\/uploads\/2025\/05\/rafael-rey-sierra-rey-melchor-e1735027573273-100x100.jpeg 100w\" sizes=\"auto, (max-width: 350px) 100vw, 350px\" \/><\/a><\/div><div class=\"gt-content\"><a href=\"https:\/\/congreso.feup.org\/index.php\/speaker\/rafael-rey-sierra\/\"><\/a><div class=\"gt-name\"><a href=\"https:\/\/congreso.feup.org\/index.php\/speaker\/rafael-rey-sierra\/\">Rafael Rey Sierra<\/a><\/div><div class=\"gt-profession\">Concejal de Educaci\u00f3n del Ayuntamiento de Dos Hermanas, Sevilla<\/div><\/div><\/div><\/div><\/div><\/div><\/div>[\/vc_column][\/vc_row]<\/p>\n<\/div>","protected":false},"excerpt":{"rendered":"<p>[vc_row][vc_column][\/vc_column][\/vc_row]<\/p>\n","protected":false},"author":1,"featured_media":0,"parent":0,"menu_order":0,"comment_status":"closed","ping_status":"closed","template":"","meta":{"footnotes":""},"class_list":["post-1102","page","type-page","status-publish","hentry"],"_links":{"self":[{"href":"https:\/\/congreso.feup.org\/index.php\/wp-json\/wp\/v2\/pages\/1102","targetHints":{"allow":["GET"]}}],"collection":[{"href":"https:\/\/congreso.feup.org\/index.php\/wp-json\/wp\/v2\/pages"}],"about":[{"href":"https:\/\/congreso.feup.org\/index.php\/wp-json\/wp\/v2\/types\/page"}],"author":[{"embeddable":true,"href":"https:\/\/congreso.feup.org\/index.php\/wp-json\/wp\/v2\/users\/1"}],"replies":[{"embeddable":true,"href":"https:\/\/congreso.feup.org\/index.php\/wp-json\/wp\/v2\/comments?post=1102"}],"version-history":[{"count":0,"href":"https:\/\/congreso.feup.org\/index.php\/wp-json\/wp\/v2\/pages\/1102\/revisions"}],"wp:attachment":[{"href":"https:\/\/congreso.feup.org\/index.php\/wp-json\/wp\/v2\/media?parent=1102"}],"curies":[{"name":"wp","href":"https:\/\/api.w.org\/{rel}","templated":true}]}}